{"id":7340,"date":"2024-04-05T10:57:30","date_gmt":"2024-04-05T10:57:30","guid":{"rendered":"https:\/\/plyomparts.com\/politica-de-privacidad-redes-sociales\/"},"modified":"2024-05-14T07:22:59","modified_gmt":"2024-05-14T07:22:59","slug":"politica-de-privacidad-redes-sociales","status":"publish","type":"page","link":"https:\/\/dev.plyomparts.com\/is-lm\/politica-de-privacidad-redes-sociales\/","title":{"rendered":"Pol\u00edtica de privacidad redes sociales"},"content":{"rendered":"\t\t<div data-elementor-type=\"wp-page\" data-elementor-id=\"7340\" class=\"elementor elementor-7340 elementor-7223\">\n\t\t\t\t\t\t\t\t\t<section class=\"elementor-section elementor-top-section elementor-element elementor-element-95cd678 elementor-section-boxed elementor-section-height-default elementor-section-height-default\" data-id=\"95cd678\" data-element_type=\"section\" data-settings=\"{&quot;jet_parallax_layout_list&quot;:[]}\">\n\t\t\t\t\t\t<div class=\"elementor-container elementor-column-gap-default\">\n\t\t\t\t\t<div class=\"elementor-column elementor-col-100 elementor-top-column elementor-element elementor-element-ed280b5\" data-id=\"ed280b5\" data-element_type=\"column\">\n\t\t\t<div class=\"elementor-widget-wrap elementor-element-populated\">\n\t\t\t\t\t\t\t\t<div class=\"elementor-element elementor-element-e17eab3 elementor-widget elementor-widget-heading\" data-id=\"e17eab3\" data-element_type=\"widget\" data-widget_type=\"heading.default\">\n\t\t\t\t<div class=\"elementor-widget-container\">\n\t\t\t<style>\/*! elementor - v3.6.7 - 03-07-2022 *\/\n.elementor-heading-title{padding:0;margin:0;line-height:1}.elementor-widget-heading .elementor-heading-title[class*=elementor-size-]>a{color:inherit;font-size:inherit;line-height:inherit}.elementor-widget-heading .elementor-heading-title.elementor-size-small{font-size:15px}.elementor-widget-heading .elementor-heading-title.elementor-size-medium{font-size:19px}.elementor-widget-heading .elementor-heading-title.elementor-size-large{font-size:29px}.elementor-widget-heading .elementor-heading-title.elementor-size-xl{font-size:39px}.elementor-widget-heading .elementor-heading-title.elementor-size-xxl{font-size:59px}<\/style><h2 class=\"elementor-heading-title elementor-size-default\">Pol\u00edtica de privacidad redes sociales\n<\/h2>\t\t<\/div>\n\t\t\t\t<\/div>\n\t\t\t\t<div class=\"elementor-element elementor-element-bb7d236 elementor-widget elementor-widget-text-editor\" data-id=\"bb7d236\" data-element_type=\"widget\" data-widget_type=\"text-editor.default\">\n\t\t\t\t<div class=\"elementor-widget-container\">\n\t\t\t<style>\/*! elementor - v3.6.7 - 03-07-2022 *\/\n.elementor-widget-text-editor.elementor-drop-cap-view-stacked .elementor-drop-cap{background-color:#818a91;color:#fff}.elementor-widget-text-editor.elementor-drop-cap-view-framed .elementor-drop-cap{color:#818a91;border:3px solid;background-color:transparent}.elementor-widget-text-editor:not(.elementor-drop-cap-view-default) .elementor-drop-cap{margin-top:8px}.elementor-widget-text-editor:not(.elementor-drop-cap-view-default) .elementor-drop-cap-letter{width:1em;height:1em}.elementor-widget-text-editor .elementor-drop-cap{float:left;text-align:center;line-height:1;font-size:50px}.elementor-widget-text-editor .elementor-drop-cap-letter{display:inline-block}<\/style>\t\t\t\t<p><span style=\"font-family: 'Open Sans';\">De conformidad con la normativa vigente y aplicable en protecci\u00f3n de datos de car\u00e1cter personal, le informamos que sus datos ser\u00e1n incorporados al sistema de tratamiento titularidad de\u00a0<\/span>Grupo Cautex S.L.U.con NIF B62982749\u00a0<span style=\"font-family: 'Open Sans';\">y domicilio social sito en\u00a0<\/span>AVDA. GAUD\u00cd S\/N (ESQUINA DOM\u00c8NECH i MONTANER) POL IND RUBI SUD 08191, RUBI (BARCELONA).\u00a0<span style=\"font-family: 'Open Sans';\">A continuaci\u00f3n, se facilita la informaci\u00f3n de los tratamientos realizados:<\/span><\/p>\t\t\t\t\t\t<\/div>\n\t\t\t\t<\/div>\n\t\t\t\t<div class=\"elementor-element elementor-element-c4d2633 elementor-widget elementor-widget-text-editor\" data-id=\"c4d2633\" data-element_type=\"widget\" data-widget_type=\"text-editor.default\">\n\t\t\t\t<div class=\"elementor-widget-container\">\n\t\t\t\t\t\t\t<h3 style=\"color: #1d1d1b;\"><span style=\"font-weight: bolder;\"><span style=\"color: #000000;\">Datos de Grupo Cautex S.L.U.<\/span><\/span><\/h3><ul style=\"font-size: 16px; background-color: #ffffff;\"><li style=\"font-size: 16px;\"><span style=\"font-weight: bolder;\">CIF<\/span>: B62982749<\/li><li style=\"font-size: 16px;\"><span style=\"font-weight: bolder;\">DIRECCI\u00d3N<\/span>: AVDA. GAUD\u00cd S\/N (ESQUINA DOM\u00c8NECH i MONTANER) POL IND RUBI SUD 08191, RUBI (BARCELONA)<\/li><li style=\"font-size: 16px;\"><span style=\"font-weight: bolder;\">CORREO ELECTR\u00d3NICO<\/span>:\u00a0\u00a0<a style=\"background-color: #ffffff;\" href=\"mailto:info@plyomparts.com\">info@plyomparts.com<\/a><\/li><li style=\"font-size: 16px;\"><span style=\"font-weight: bolder;\">DOMINIO WEB<\/span>:\u00a0\u00a0\u00a0<a style=\"background-color: #ffffff;\" href=\"https:\/\/www.plyomparts.com\/\">https:\/\/www.plyomparts.com<\/a><\/li><\/ul>\t\t\t\t\t\t<\/div>\n\t\t\t\t<\/div>\n\t\t\t\t<div class=\"elementor-element elementor-element-94871dd elementor-widget elementor-widget-heading\" data-id=\"94871dd\" data-element_type=\"widget\" data-widget_type=\"heading.default\">\n\t\t\t\t<div class=\"elementor-widget-container\">\n\t\t\t<h2 class=\"elementor-heading-title elementor-size-default\">Tratamientos realizados\n<\/h2>\t\t<\/div>\n\t\t\t\t<\/div>\n\t\t\t\t<div class=\"elementor-element elementor-element-6643e86 elementor-widget elementor-widget-text-editor\" data-id=\"6643e86\" data-element_type=\"widget\" data-widget_type=\"text-editor.default\">\n\t\t\t\t<div class=\"elementor-widget-container\">\n\t\t\t\t\t\t\t<div class=\"ql-block\" data-block-id=\"block-b7c02864-eeff-4ac2-a0ad-13641a6edadb\">El usuario dispone de un perfil en la misma Red Social y ha decidido unirse a la p\u00e1gina creada por Grupo Cautex S.L.U., mostrando as\u00ed inter\u00e9s en la informaci\u00f3n que se publicite en la Red. Al unirse a nuestra p\u00e1gina, nos facilita su consentimiento para el tratamiento de aquellos datos personales publicados en su perfil.<\/div><div class=\"ql-block\" data-block-id=\"block-d2cec960-0f95-46bd-929a-60a10ff33710\">\u00a0<\/div><div class=\"ql-block\" data-block-id=\"block-4f4f8b0c-adfa-42c4-95dc-38a645248085\">El usuario puede acceder en todo momento a las pol\u00edticas de privacidad de la propia Red Social, as\u00ed como configurar su perfil para garantizar su privacidad.<\/div><div class=\"ql-block\" data-block-id=\"block-e0e28bce-b904-4643-97bf-27f1c7d572c6\">\u00a0<\/div><div class=\"ql-block\" data-block-id=\"block-2c692eb8-1d02-4981-b7fe-7a1ba3913a67\">Grupo Cautex S.L.U. tiene acceso y trata aquella informaci\u00f3n p\u00fablica del usuario, en especial, su nombre de contacto. Estos datos, s\u00f3lo son utilizados dentro de la propia Red Social. No son incorporados a ning\u00fan sistema de tratamiento.<\/div>\t\t\t\t\t\t<\/div>\n\t\t\t\t<\/div>\n\t\t\t\t<div class=\"elementor-element elementor-element-540a5d4 elementor-widget elementor-widget-heading\" data-id=\"540a5d4\" data-element_type=\"widget\" data-widget_type=\"heading.default\">\n\t\t\t\t<div class=\"elementor-widget-container\">\n\t\t\t<h2 class=\"elementor-heading-title elementor-size-default\">Derecho de los interesados<\/h2>\t\t<\/div>\n\t\t\t\t<\/div>\n\t\t\t\t<div class=\"elementor-element elementor-element-601b4ca elementor-widget elementor-widget-text-editor\" data-id=\"601b4ca\" data-element_type=\"widget\" data-widget_type=\"text-editor.default\">\n\t\t\t\t<div class=\"elementor-widget-container\">\n\t\t\t\t\t\t\t<div><div><div><div><div><div><p>En relaci\u00f3n a los derechos de acceso, rectificaci\u00f3n, limitaci\u00f3n de tratamiento, supresi\u00f3n, portabilidad y oposici\u00f3n al tratamiento de sus datos de car\u00e1cter personal, de los que usted dispone y que pueden ser ejercitados ante Grupo Cautex S.L.U.\u00a0de acuerdo con la RGPD, debe tener en cuenta los siguientes matices:<\/p><\/div><\/div><div><div><ul><li><strong>Derecho de Acceso:<\/strong>\u00a0Es el derecho del usuario a obtener informaci\u00f3n sobre sus datos concretos de car\u00e1cter personal y del tratamiento que se haya realizado o realice, as\u00ed como de la informaci\u00f3n disponible sobre el origen de dichos datos y las comunicaciones realizadas o previstas de los mismos.<\/li><li><strong>Derecho de Rectificaci\u00f3n:<\/strong>\u00a0Es el derecho del afectado a que se modifiquen los datos que resulten ser inexactos o incompletos. S\u00f3lo podr\u00e1 satisfacerse en relaci\u00f3n a aquella informaci\u00f3n que se encuentre bajo el control de Grupo Cautex S.L.U. por ejemplo, eliminar comentarios publicados en la propia p\u00e1gina, im\u00e1genes o contenidos web donde consten datos de car\u00e1cter personal del usuario.<\/li><li><strong>Derecho a la Limitaci\u00f3n de tratamiento:<\/strong>\u00a0Es el derecho a que se limiten los fines del tratamiento previstos de forma original por el responsable del tratamiento.<\/li><li><strong>Derecho de Supresi\u00f3n:<\/strong>\u00a0Es el derecho a suprimir los datos de car\u00e1cter personal del usuario, a excepci\u00f3n de lo previsto en el propio RGPD o en otras normativas aplicables que determinen la obligatoriedad de la conservaci\u00f3n de los mismos, en tiempo y forma.<\/li><li><strong>Derecho a la Portabilidad:<\/strong>\u00a0El derecho a recibir los datos personales que el usuario, haya facilitado, en un formato estructurado, de uso com\u00fan y lectura mec\u00e1nica, y a transmitirlos a otro responsable.<\/li><li><strong>Derecho de Oposici\u00f3n:<\/strong>\u00a0Es el derecho del usuario a que no se lleve a cabo el tratamiento de sus datos de car\u00e1cter personal o se cese el tratamiento de los mismos por parte de Grupo Cautex S.L.U.<\/li><\/ul><div>\u00a0<\/div><\/div><\/div><div><div><p><span style=\"color: var( --e-global-color-text ); font-family: var( --e-global-typography-text-font-family ), Sans-serif; font-size: var( --e-global-typography-text-font-size ); font-weight: var( --e-global-typography-text-font-weight );\">Grupo Cautex S.L.U.<\/span>\u00a0realizar\u00e1 las siguientes actuaciones:<\/p><\/div><\/div><div><div><ul><li>Acceso a la informaci\u00f3n p\u00fablica del perfil.<\/li><li>Publicaci\u00f3n en el perfil del usuario de toda aquella informaci\u00f3n ya publicada en la p\u00e1gina de Grupo Cautex S.L.U.<\/li><li>Enviar mensajes personales e individuales a trav\u00e9s de los canales de la Red Social.<\/li><li>Actualizaciones del estado de la p\u00e1gina que se publicar\u00e1n en el perfil del usuario.<\/li><\/ul><\/div><\/div><div><div><p>El usuario siempre puede controlar sus conexiones, eliminar los contenidos que dejen de interesarle y restringir con qui\u00e9n comparte sus conexiones, para ello deber\u00e1 acceder a su configuraci\u00f3n de privacidad.<\/p><\/div><\/div><\/div><\/div><\/div><\/div>\t\t\t\t\t\t<\/div>\n\t\t\t\t<\/div>\n\t\t\t\t<div class=\"elementor-element elementor-element-a994ed3 elementor-widget elementor-widget-heading\" data-id=\"a994ed3\" data-element_type=\"widget\" data-widget_type=\"heading.default\">\n\t\t\t\t<div class=\"elementor-widget-container\">\n\t\t\t<h2 class=\"elementor-heading-title elementor-size-default\">Publicaciones<\/h2>\t\t<\/div>\n\t\t\t\t<\/div>\n\t\t\t\t<div class=\"elementor-element elementor-element-dd22c22 elementor-widget elementor-widget-text-editor\" data-id=\"dd22c22\" data-element_type=\"widget\" data-widget_type=\"text-editor.default\">\n\t\t\t\t<div class=\"elementor-widget-container\">\n\t\t\t\t\t\t\t<div style=\"padding: 0px; border: 0px; font-variant-numeric: inherit; font-variant-east-asian: inherit; font-variant-alternates: inherit; font-variant-position: inherit; font-stretch: inherit; line-height: inherit; font-family: 'Open Sans'; font-optical-sizing: inherit; font-kerning: inherit; font-feature-settings: inherit; font-variation-settings: inherit; vertical-align: baseline; width: 1170px; position: relative; overflow: hidden; z-index: 97; margin: 0px 0px 80px !important 0px;\"><div><div><div><div><div><div><p>El usuario, una vez unido a la p\u00e1gina de\u00a0<span style=\"font-family: Lato, sans-serif;\">Grupo Cautex S.L.U.<\/span>, podr\u00e1 publicar en \u00e9sta \u00faltima comentarios, enlaces, im\u00e1genes o fotograf\u00edas o cualquier otro tipo de contenido multimedia soportado por la Red Social. El usuario, en todos los casos, debe ser el titular de los mismos, gozar de los derechos de autor y de propiedad intelectual o contar con el consentimiento de los terceros afectados. Se proh\u00edbe expresamente cualquier publicaci\u00f3n en la p\u00e1gina, ya sean textos, gr\u00e1ficos, fotograf\u00edas, v\u00eddeos, etc. que atenten o sean susceptibles de atentar contra la moral, la \u00e9tica, el buen gusto o el decoro, y\/o que infrinjan, violen o quebranten los derechos de propiedad intelectual o industrial, el derecho a la imagen o la Ley. En estos casos,\u00a0<span style=\"font-family: Lato, sans-serif;\">Grupo Cautex S.L.U.<\/span>\u00a0se reserva el derecho a retirar de inmediato el contenido, pudiendo solicitar el bloqueo permanente del usuario.<\/p><\/div><\/div><div><div><p><span style=\"font-family: Lato, sans-serif; color: var( --e-global-color-text ); font-size: var( --e-global-typography-text-font-size ); font-weight: var( --e-global-typography-text-font-weight );\">Grupo Cautex S.L.U.<\/span>\u00a0no se har\u00e1 responsable de los contenidos que libremente ha publicado un usuario.<\/p><\/div><\/div><div><div><p>El usuario debe tener presente que sus publicaciones ser\u00e1n conocidas por los otros usuarios, por lo que \u00e9l mismo es el principal responsable de su privacidad.<\/p><\/div><\/div><div><div><p>Las im\u00e1genes que puedan publicarse en la p\u00e1gina no ser\u00e1n almacenadas en ning\u00fan sistema de tratamiento por parte de\u00a0<span style=\"font-family: Lato, sans-serif;\">Grupo Cautex S.L.U.<\/span>, pero s\u00ed que permanecer\u00e1n en la Red Social.<\/p><\/div><\/div><\/div><\/div><\/div><\/div><\/div>\t\t\t\t\t\t<\/div>\n\t\t\t\t<\/div>\n\t\t\t\t<div class=\"elementor-element elementor-element-e7b2732 elementor-widget elementor-widget-heading\" data-id=\"e7b2732\" data-element_type=\"widget\" data-widget_type=\"heading.default\">\n\t\t\t\t<div class=\"elementor-widget-container\">\n\t\t\t<h2 class=\"elementor-heading-title elementor-size-default\">Concursos y promociones\n<\/h2>\t\t<\/div>\n\t\t\t\t<\/div>\n\t\t\t\t<div class=\"elementor-element elementor-element-6b3c5ca elementor-widget elementor-widget-text-editor\" data-id=\"6b3c5ca\" data-element_type=\"widget\" data-widget_type=\"text-editor.default\">\n\t\t\t\t<div class=\"elementor-widget-container\">\n\t\t\t\t\t\t\t<div style=\"padding: 0px; border: 0px; font-variant-numeric: inherit; font-variant-east-asian: inherit; font-variant-alternates: inherit; font-variant-position: inherit; font-stretch: inherit; line-height: inherit; font-family: 'Open Sans'; font-optical-sizing: inherit; font-kerning: inherit; font-feature-settings: inherit; font-variation-settings: inherit; vertical-align: baseline; width: 1170px; position: relative; overflow: hidden; z-index: 97; margin: 0px 0px 80px !important 0px;\"><div class=\"wpb_text_column wpb_content_element \"><div id=\"ct_xofvi2cgn8gl9s4lw6vl\" class=\"wpb_wrapper\"><div class=\"wpb_text_column wpb_content_element \"><div id=\"ct_xofvi2cgn8gl9s4lw6vl\" class=\"wpb_wrapper\"><div class=\"wpb_text_column wpb_content_element \"><div id=\"ct_mil5py5wxm327i9j7o42\" class=\"wpb_wrapper\"><p><span style=\"font-family: Lato, sans-serif; color: var( --e-global-color-text ); font-size: var( --e-global-typography-text-font-size ); font-weight: var( --e-global-typography-text-font-weight );\">Grupo Cautex S.L.U.<\/span>\u00a0se reserva el derecho a realizar concursos y promociones, en los que podr\u00e1 participar el usuario unido a su p\u00e1gina. Las bases de cada uno de ellos, cuando se utilice para ello la plataforma de la Red Social, ser\u00e1n publicadas en la misma. Cumpliendo siempre con la LSSI-CE y con cualquier otra norma que le sea de aplicaci\u00f3n.<\/p><\/div><\/div><div class=\"wpb_text_column wpb_content_element \"><div id=\"ct_jfbdft9294vntd75io2h\" class=\"wpb_wrapper\"><p>La Red Social no patrocina, avala ni administra, de modo alguno, ninguna de nuestras promociones, ni est\u00e1 asociada a ninguna de ellas.<\/p><\/div><\/div><\/div><\/div><\/div><\/div><\/div>\t\t\t\t\t\t<\/div>\n\t\t\t\t<\/div>\n\t\t\t\t<div class=\"elementor-element elementor-element-fd6102e elementor-widget elementor-widget-heading\" data-id=\"fd6102e\" data-element_type=\"widget\" data-widget_type=\"heading.default\">\n\t\t\t\t<div class=\"elementor-widget-container\">\n\t\t\t<h2 class=\"elementor-heading-title elementor-size-default\">Publicaciones<\/h2>\t\t<\/div>\n\t\t\t\t<\/div>\n\t\t\t\t<div class=\"elementor-element elementor-element-c9133ab elementor-widget elementor-widget-text-editor\" data-id=\"c9133ab\" data-element_type=\"widget\" data-widget_type=\"text-editor.default\">\n\t\t\t\t<div class=\"elementor-widget-container\">\n\t\t\t\t\t\t\t<div style=\"padding: 0px; border: 0px; font-variant-numeric: inherit; font-variant-east-asian: inherit; font-variant-alternates: inherit; font-variant-position: inherit; font-stretch: inherit; line-height: inherit; font-family: 'Open Sans'; font-optical-sizing: inherit; font-kerning: inherit; font-feature-settings: inherit; font-variation-settings: inherit; vertical-align: baseline; width: 1170px; position: relative; overflow: hidden; z-index: 97; margin: 0px 0px 80px !important 0px;\">\n<div>\n<div>\n<div>\n<div>\n<div>\n<div><p><span style=\"font-family: Lato, sans-serif; color: var( --e-global-color-text ); font-size: var( --e-global-typography-text-font-size ); font-weight: var( --e-global-typography-text-font-weight );\">Grupo Cautex S.L.U.<\/span>&nbsp;utilizar\u00e1 la Red Social para publicitar sus productos y servicios, en todo caso, si decide tratar sus datos de contacto para realizar acciones directas de prospecci\u00f3n comercial, ser\u00e1 siempre, cumpliendo con las exigencias legales de la normativa en materia de protecci\u00f3n de datos y de la LSSI-CE.<\/p>\n<\/div>\n<\/div>\n<div>\n<div>\n<p>No se considerar\u00e1 publicidad el hecho de recomendar a otros usuarios la p\u00e1gina de&nbsp;<span style=\"font-family: Lato, sans-serif;\">Grupo Cautex S.L.U.<\/span>&nbsp;para que tambi\u00e9n ellos puedan disfrutar de las promociones o estar informados de su actividad.<\/p>\n<\/div>\n<\/div>\n<div>\n<div>\n<p>A continuaci\u00f3n, detallamos el enlace a la pol\u00edtica de privacidad de la Red Social<\/p>\n<\/div>\n<\/div>\n<div>\n<div>\n<p>Facebook:&nbsp;<a href=\"https:\/\/es-es.facebook.com\/privacy\/explanation\">https:\/\/es-es.facebook.com\/privacy\/explanation<\/a><\/p>\n<\/div>\n<\/div>\n<\/div>\n<\/div>\n<\/div>\n<\/div>\n<\/div>\t\t\t\t\t\t<\/div>\n\t\t\t\t<\/div>\n\t\t\t\t\t<\/div>\n\t\t<\/div>\n\t\t\t\t\t\t\t<\/div>\n\t\t<\/section>\n\t\t\t\t\t\t\t<\/div>\n\t\t","protected":false},"excerpt":{"rendered":"<p>Pol\u00edtica de privacidad redes sociales De conformidad con la normativa vigente y aplicable en protecci\u00f3n de datos de car\u00e1cter personal, le informamos que sus datos ser\u00e1n incorporados al sistema de tratamiento titularidad de\u00a0Grupo Cautex S.L.U.con NIF B62982749\u00a0y domicilio social sito en\u00a0AVDA. GAUD\u00cd S\/N (ESQUINA DOM\u00c8NECH i MONTANER) POL IND RUBI SUD 08191, RUBI (BARCELONA).\u00a0A continuaci\u00f3n, [&hellip;]<\/p>\n","protected":false},"author":1,"featured_media":0,"parent":0,"menu_order":0,"comment_status":"closed","ping_status":"closed","template":"","meta":{"footnotes":""},"class_list":["post-7340","page","type-page","status-publish","hentry"],"_links":{"self":[{"href":"https:\/\/dev.plyomparts.com\/is-lm\/wp-json\/wp\/v2\/pages\/7340","targetHints":{"allow":["GET"]}}],"collection":[{"href":"https:\/\/dev.plyomparts.com\/is-lm\/wp-json\/wp\/v2\/pages"}],"about":[{"href":"https:\/\/dev.plyomparts.com\/is-lm\/wp-json\/wp\/v2\/types\/page"}],"author":[{"embeddable":true,"href":"https:\/\/dev.plyomparts.com\/is-lm\/wp-json\/wp\/v2\/users\/1"}],"replies":[{"embeddable":true,"href":"https:\/\/dev.plyomparts.com\/is-lm\/wp-json\/wp\/v2\/comments?post=7340"}],"version-history":[{"count":8,"href":"https:\/\/dev.plyomparts.com\/is-lm\/wp-json\/wp\/v2\/pages\/7340\/revisions"}],"predecessor-version":[{"id":7389,"href":"https:\/\/dev.plyomparts.com\/is-lm\/wp-json\/wp\/v2\/pages\/7340\/revisions\/7389"}],"wp:attachment":[{"href":"https:\/\/dev.plyomparts.com\/is-lm\/wp-json\/wp\/v2\/media?parent=7340"}],"curies":[{"name":"wp","href":"https:\/\/api.w.org\/{rel}","templated":true}]}}