{"id":4051,"date":"2022-07-19T10:07:52","date_gmt":"2022-07-19T10:07:52","guid":{"rendered":"http:\/\/plyom.b.wetopi.com\/politica-de-privacidad\/"},"modified":"2024-05-14T07:22:48","modified_gmt":"2024-05-14T07:22:48","slug":"privacy-policy","status":"publish","type":"page","link":"https:\/\/dev.plyomparts.com\/is-lm\/privacy-policy\/","title":{"rendered":"Pol\u00edtica de Privacidad\u200b"},"content":{"rendered":"\t\t<div data-elementor-type=\"wp-page\" data-elementor-id=\"4051\" class=\"elementor elementor-4051 elementor-4044\">\n\t\t\t\t\t\t\t\t\t<section class=\"elementor-section elementor-top-section elementor-element elementor-element-87a4f08 elementor-section-boxed elementor-section-height-default elementor-section-height-default\" data-id=\"87a4f08\" data-element_type=\"section\" data-settings=\"{&quot;jet_parallax_layout_list&quot;:[]}\">\n\t\t\t\t\t\t<div class=\"elementor-container elementor-column-gap-default\">\n\t\t\t\t\t<div class=\"elementor-column elementor-col-100 elementor-top-column elementor-element elementor-element-ac86dfa\" data-id=\"ac86dfa\" data-element_type=\"column\">\n\t\t\t<div class=\"elementor-widget-wrap elementor-element-populated\">\n\t\t\t\t\t\t\t\t<div class=\"elementor-element elementor-element-2ab2f20 elementor-widget elementor-widget-heading\" data-id=\"2ab2f20\" data-element_type=\"widget\" data-widget_type=\"heading.default\">\n\t\t\t\t<div class=\"elementor-widget-container\">\n\t\t\t<style>\/*! elementor - v3.6.7 - 03-07-2022 *\/\n.elementor-heading-title{padding:0;margin:0;line-height:1}.elementor-widget-heading .elementor-heading-title[class*=elementor-size-]>a{color:inherit;font-size:inherit;line-height:inherit}.elementor-widget-heading .elementor-heading-title.elementor-size-small{font-size:15px}.elementor-widget-heading .elementor-heading-title.elementor-size-medium{font-size:19px}.elementor-widget-heading .elementor-heading-title.elementor-size-large{font-size:29px}.elementor-widget-heading .elementor-heading-title.elementor-size-xl{font-size:39px}.elementor-widget-heading .elementor-heading-title.elementor-size-xxl{font-size:59px}<\/style><h2 class=\"elementor-heading-title elementor-size-default\">Pol\u00edtica de Privacidad<\/h2>\t\t<\/div>\n\t\t\t\t<\/div>\n\t\t\t\t<div class=\"elementor-element elementor-element-f12fa2e elementor-widget elementor-widget-text-editor\" data-id=\"f12fa2e\" data-element_type=\"widget\" data-widget_type=\"text-editor.default\">\n\t\t\t\t<div class=\"elementor-widget-container\">\n\t\t\t<style>\/*! elementor - v3.6.7 - 03-07-2022 *\/\n.elementor-widget-text-editor.elementor-drop-cap-view-stacked .elementor-drop-cap{background-color:#818a91;color:#fff}.elementor-widget-text-editor.elementor-drop-cap-view-framed .elementor-drop-cap{color:#818a91;border:3px solid;background-color:transparent}.elementor-widget-text-editor:not(.elementor-drop-cap-view-default) .elementor-drop-cap{margin-top:8px}.elementor-widget-text-editor:not(.elementor-drop-cap-view-default) .elementor-drop-cap-letter{width:1em;height:1em}.elementor-widget-text-editor .elementor-drop-cap{float:left;text-align:center;line-height:1;font-size:50px}.elementor-widget-text-editor .elementor-drop-cap-letter{display:inline-block}<\/style>\t\t\t\t<h3><strong><span style=\"color: #000000;\">Datos de Grupo Cautex S.L.U.<\/span><\/strong><\/h3>\n<ul>\n<li style=\"font-size: 16px;\"><span style=\"font-weight: bolder;\">CIF<\/span>: B62982749<\/li>\n<li style=\"font-size: 16px;\"><span style=\"font-weight: bolder;\">DIRECCI\u00d3N<\/span>: AVDA. GAUD\u00cd S\/N (ESQUINA DOM\u00c8NECH i MONTANER) POL IND RUBI SUD 08191, RUBI (BARCELONA)<\/li>\n<li style=\"font-size: 16px;\"><span style=\"font-weight: bolder;\">CORREO ELECTR\u00d3NICO<\/span>:&nbsp;<a style=\"background-color: #ffffff;\" href=\"mailto:info@plyomparts.com\">info@plyomparts.com<\/a><\/li>\n<li style=\"font-size: 16px;\"><span style=\"font-weight: bolder;\">DOMINIO WEB<\/span>:&nbsp;&nbsp;<a style=\"background-color: #ffffff;\" href=\"https:\/\/www.plyomparts.com\/\">https:\/\/www.plyomparts.com<\/a><\/li>\n<\/ul>\t\t\t\t\t\t<\/div>\n\t\t\t\t<\/div>\n\t\t\t\t<div class=\"elementor-element elementor-element-e67b0a7 elementor-widget elementor-widget-heading\" data-id=\"e67b0a7\" data-element_type=\"widget\" data-widget_type=\"heading.default\">\n\t\t\t\t<div class=\"elementor-widget-container\">\n\t\t\t<h2 class=\"elementor-heading-title elementor-size-default\">Protecci\u00f3n de datos<\/h2>\t\t<\/div>\n\t\t\t\t<\/div>\n\t\t\t\t<div class=\"elementor-element elementor-element-6e5d38f elementor-widget elementor-widget-text-editor\" data-id=\"6e5d38f\" data-element_type=\"widget\" data-widget_type=\"text-editor.default\">\n\t\t\t\t<div class=\"elementor-widget-container\">\n\t\t\t\t\t\t\t<p><span style=\"font-family: 'Open Sans';\">De conformidad con la normativa vigente y aplicable en protecci\u00f3n de datos de car\u00e1cter personal, le informamos que sus datos ser\u00e1n incorporados al sistema de tratamiento titularidad de&nbsp;<\/span><span style=\"color: var( --e-global-color-text ); font-family: var( --e-global-typography-text-font-family ), Sans-serif; font-size: var( --e-global-typography-text-font-size ); font-weight: var( --e-global-typography-text-font-weight );\">Grupo Cautex S.L.U.<\/span><span style=\"color: var( --e-global-color-text ); font-family: var( --e-global-typography-text-font-family ), Sans-serif; font-size: var( --e-global-typography-text-font-size ); font-weight: var( --e-global-typography-text-font-weight );\">&nbsp;con NIF&nbsp;<\/span>B62982749<span style=\"color: var( --e-global-color-text ); font-family: var( --e-global-typography-text-font-family ), Sans-serif; font-size: var( --e-global-typography-text-font-size ); font-weight: var( --e-global-typography-text-font-weight );\">&nbsp;<\/span><span style=\"color: var( --e-global-color-text ); font-size: var( --e-global-typography-text-font-size ); font-weight: var( --e-global-typography-text-font-weight ); font-family: 'Open Sans';\">y domicilio social sito en&nbsp;<\/span><span style=\"color: var( --e-global-color-text ); font-family: var( --e-global-typography-text-font-family ), Sans-serif; font-size: var( --e-global-typography-text-font-size ); font-weight: var( --e-global-typography-text-font-weight );\">AVDA. GAUD\u00cd S\/N (ESQUINA DOM\u00c8NECH i MONTANER) POL IND RUBI SUD 08191, RUBI (BARCELONA).&nbsp;<\/span><span style=\"color: var( --e-global-color-text ); font-size: var( --e-global-typography-text-font-size ); font-weight: var( --e-global-typography-text-font-weight ); font-family: 'Open Sans';\">A continuaci\u00f3n, se facilita la informaci\u00f3n de los tratamientos realizados:<\/span><\/p>\t\t\t\t\t\t<\/div>\n\t\t\t\t<\/div>\n\t\t\t\t<div class=\"elementor-element elementor-element-21c05d5 elementor-widget elementor-widget-heading\" data-id=\"21c05d5\" data-element_type=\"widget\" data-widget_type=\"heading.default\">\n\t\t\t\t<div class=\"elementor-widget-container\">\n\t\t\t<h2 class=\"elementor-heading-title elementor-size-default\">Tratamientos realizados\n<\/h2>\t\t<\/div>\n\t\t\t\t<\/div>\n\t\t\t\t<div class=\"elementor-element elementor-element-5ba2602 elementor-widget elementor-widget-text-editor\" data-id=\"5ba2602\" data-element_type=\"widget\" data-widget_type=\"text-editor.default\">\n\t\t\t\t<div class=\"elementor-widget-container\">\n\t\t\t\t\t\t\t<div><div><div><div><div><div><div><div><div><div><div><div><h3><b>Gesti\u00f3n usuarios web<\/b><\/h3><p><strong>Finalidad:<\/strong>\u00a0Captaci\u00f3n, registro y tratamiento de datos del usuario.<br \/><strong>Plazo de conservaci\u00f3n:<\/strong>\u00a0mientras se mantenga el consentimiento prestado, salvo obligaci\u00f3n legal.<br \/><strong>Base leg\u00edtima:<\/strong>\u00a0El consentimiento del interesado.<br \/><strong>Tipolog\u00eda de Datos:<\/strong><br \/><strong>Datos b\u00e1sicos:<\/strong>\u00a0Nombre y apellidos, Direcci\u00f3n electr\u00f3nica<\/p><\/div><\/div><div><div><h3><b>Acciones comerciales formulario web<\/b><\/h3><p><strong>Finalidad:<\/strong>\u00a0Captaci\u00f3n, registro y tratamiento de datos con finalidades de atender sus consultas y\/o solicitudes, as\u00ed como de publicidad y prospecci\u00f3n comercial.<br \/><strong>Plazo de conservaci\u00f3n:<\/strong>\u00a0mientras se mantenga el consentimiento prestado, salvo obligaci\u00f3n legal.<br \/><strong>Base leg\u00edtima:<\/strong>\u00a0El consentimiento del interesado.<br \/><strong>Tipolog\u00eda de Datos:<\/strong><br \/><strong>Datos b\u00e1sicos:<\/strong>\u00a0Nombre y apellidos, Direcci\u00f3n electr\u00f3nica<\/p><\/div><\/div><div><div><h3><b>Newsletter<\/b><\/h3><p><strong>Finalidad:<\/strong>\u00a0Gesti\u00f3n de la suscripci\u00f3n a la newsletter, para realizar los env\u00edos correspondientes.<br \/><strong>Plazo de conservaci\u00f3n:<\/strong>\u00a0mientras se mantenga el consentimiento prestado.<br \/><strong>Base leg\u00edtima:<\/strong>\u00a0El consentimiento del interesado.<br \/><strong>Tipolog\u00eda de Datos:<\/strong><br \/><strong>Datos b\u00e1sicos:<\/strong>\u00a0Nombre y apellidos, Direcci\u00f3n electr\u00f3nica<\/p><\/div><\/div><div><div><h3><b>Instalaci\u00f3n de cookies<\/b><\/h3><p><strong>Finalidad:<\/strong>\u00a0Gesti\u00f3n e instalaci\u00f3n de las cookies.<br \/><strong>Plazo de conservaci\u00f3n:<\/strong>\u00a0mientras se mantenga el consentimiento prestado.<br \/><strong>Base leg\u00edtima:<\/strong>\u00a0El consentimiento del interesado.<br \/><strong>Tipolog\u00eda de Datos:<\/strong><br \/><strong>Datos b\u00e1sicos:<\/strong>\u00a0Direcci\u00f3n electr\u00f3nica, Direcci\u00f3n IP<\/p><\/div><\/div><div><div><h3><b>Gesti\u00f3n Formulario web<\/b><\/h3><p><strong>Finalidad:<\/strong>\u00a0Atender sus consultas y\/o solicitudes.<br \/><strong>Plazo de conservaci\u00f3n:<\/strong>\u00a0mientras se mantenga el consentimiento prestado.<br \/><strong>Base leg\u00edtima:<\/strong>\u00a0El consentimiento del interesado.<br \/><strong>Tipolog\u00eda de Datos:<\/strong><br \/><strong>Datos b\u00e1sicos:<\/strong>\u00a0 Nombre y apellidos, Direcci\u00f3n electr\u00f3nica, Direcci\u00f3n IP<\/p><\/div><\/div><\/div><\/div><\/div><\/div><div><div><div><div><div><div><div>Grupo Cautex S.L.U.\u00a0informa a los Usuarios que, podr\u00e1 ejercer los derechos de acceso, rectificaci\u00f3n, limitaci\u00f3n, supresi\u00f3n, portabilidad, oposici\u00f3n al tratamiento de sus datos de car\u00e1cter personal y el derecho a no ser objeto de decisiones automatizadas, incluida la elaboraci\u00f3n de perfiles, ante el Responsable del Tratamiento, as\u00ed como a la retirada del consentimiento prestado.<\/div><div>\u00a0<\/div><\/div><\/div><\/div><\/div><\/div><\/div><\/div><\/div><\/div><\/div><\/div><\/div>\t\t\t\t\t\t<\/div>\n\t\t\t\t<\/div>\n\t\t\t\t<div class=\"elementor-element elementor-element-137b92d elementor-widget elementor-widget-heading\" data-id=\"137b92d\" data-element_type=\"widget\" data-widget_type=\"heading.default\">\n\t\t\t\t<div class=\"elementor-widget-container\">\n\t\t\t<h2 class=\"elementor-heading-title elementor-size-default\">Derechos de los interesados\n<\/h2>\t\t<\/div>\n\t\t\t\t<\/div>\n\t\t\t\t<div class=\"elementor-element elementor-element-0353f09 elementor-widget elementor-widget-text-editor\" data-id=\"0353f09\" data-element_type=\"widget\" data-widget_type=\"text-editor.default\">\n\t\t\t\t<div class=\"elementor-widget-container\">\n\t\t\t\t\t\t\t<div style=\"padding: 0px; border: 0px; font-variant-numeric: inherit; font-variant-east-asian: inherit; font-variant-alternates: inherit; font-variant-position: inherit; font-stretch: inherit; line-height: inherit; font-family: 'Open Sans'; font-optical-sizing: inherit; font-kerning: inherit; font-feature-settings: inherit; font-variation-settings: inherit; vertical-align: baseline; width: 1170px; position: relative; overflow: hidden; z-index: 97; margin: 0px 0px 80px !important 0px;\">\n<div style=\"margin: 0px; padding: 0px; border: 0px; font: inherit; vertical-align: baseline; width: 1170px; min-height: 5px; float: left;\">\n<div style=\"margin: 0px; padding: 0px; border: 0px; font: inherit; vertical-align: baseline;\">\n<div style=\"margin: 0px; padding: 0px; border: 0px; font: inherit; vertical-align: baseline;\">\n<div style=\"margin: 0px 0px 35px; padding: 0px; border: 0px; font: inherit; vertical-align: baseline;\">\n<div style=\"margin: 0px; padding: 0px; border: 0px; font: inherit; vertical-align: baseline;\">\n<ul style=\"margin-right: 0px; margin-left: 20px; padding: 0px; font: inherit; list-style: none;\">\n<li style=\"margin-right: 0px; margin-bottom: 10px; margin-left: 0px; padding: 0px; font: inherit; list-style: disc;\"><strong style=\"margin: 0px; padding: 0px; border: 0px; font-style: inherit; font-variant: inherit; font-stretch: inherit; font-size: inherit; line-height: inherit; font-family: inherit; font-optical-sizing: inherit; font-kerning: inherit; font-feature-settings: inherit; font-variation-settings: inherit; vertical-align: baseline;\">Derecho de Acceso:<\/strong>\u00a0Es el derecho del usuario a obtener confirmaci\u00f3n sobre si se est\u00e1n tratando sus datos y, en tal caso, los concretos datos personales tratados y la informaci\u00f3n legal del tratamiento (finalidades, base legitimadora, plazos de conservaci\u00f3n, cesiones, origen de los datos, etc.).<\/li>\n<li style=\"margin-right: 0px; margin-bottom: 10px; margin-left: 0px; padding: 0px; font: inherit; list-style: disc;\"><strong style=\"margin: 0px; padding: 0px; border: 0px; font-style: inherit; font-variant: inherit; font-stretch: inherit; font-size: inherit; line-height: inherit; font-family: inherit; font-optical-sizing: inherit; font-kerning: inherit; font-feature-settings: inherit; font-variation-settings: inherit; vertical-align: baseline;\">Derecho de Rectificaci\u00f3n:<\/strong>\u00a0Es el derecho del afectado a que se modifiquen los datos que resulten ser inexactos o incompletos. En relaci\u00f3n a la p\u00e1gina web, s\u00f3lo podr\u00e1 satisfacerse en relaci\u00f3n a aquella informaci\u00f3n que se encuentre bajo el control del sitio web, por ejemplo, eliminar comentarios publicados en la propia p\u00e1gina, im\u00e1genes o contenidos web donde consten datos de car\u00e1cter personal del usuario.<\/li>\n<li style=\"margin-right: 0px; margin-bottom: 10px; margin-left: 0px; padding: 0px; font: inherit; list-style: disc;\"><strong style=\"margin: 0px; padding: 0px; border: 0px; font-style: inherit; font-variant: inherit; font-stretch: inherit; font-size: inherit; line-height: inherit; font-family: inherit; font-optical-sizing: inherit; font-kerning: inherit; font-feature-settings: inherit; font-variation-settings: inherit; vertical-align: baseline;\">Derecho a la Limitaci\u00f3n de tratamiento:<\/strong>\u00a0Es el derecho a que se limiten los fines del tratamiento previstos de forma original por el responsable del tratamiento en determinados supuestos.<\/li>\n<li style=\"margin-right: 0px; margin-bottom: 10px; margin-left: 0px; padding: 0px; font: inherit; list-style: disc;\"><strong style=\"margin: 0px; padding: 0px; border: 0px; font-style: inherit; font-variant: inherit; font-stretch: inherit; font-size: inherit; line-height: inherit; font-family: inherit; font-optical-sizing: inherit; font-kerning: inherit; font-feature-settings: inherit; font-variation-settings: inherit; vertical-align: baseline;\">Derecho de Supresi\u00f3n:<\/strong>\u00a0Es el derecho a suprimir los datos de car\u00e1cter personal del usuario, a excepci\u00f3n de lo previsto en el propio RGPD (libertad de expresi\u00f3n e informaci\u00f3n, obligaciones de conservaci\u00f3n, formulaci\u00f3n, ejercicio o defensa de reclamaciones, etc.).<\/li>\n<li style=\"margin-right: 0px; margin-bottom: 10px; margin-left: 0px; padding: 0px; font: inherit; list-style: disc;\"><strong style=\"margin: 0px; padding: 0px; border: 0px; font-style: inherit; font-variant: inherit; font-stretch: inherit; font-size: inherit; line-height: inherit; font-family: inherit; font-optical-sizing: inherit; font-kerning: inherit; font-feature-settings: inherit; font-variation-settings: inherit; vertical-align: baseline;\">Derecho a la Portabilidad:<\/strong>\u00a0El derecho a recibir los datos personales que el usuario haya facilitado, en un formato estructurado, de uso com\u00fan y lectura mec\u00e1nica, y a transmitirlos a otro responsable cuando el tratamiento est\u00e1 basado en el consentimiento o en la ejecuci\u00f3n de un contrato y se efect\u00fae por medios automatizados.<\/li>\n<li style=\"margin-right: 0px; margin-bottom: 10px; margin-left: 0px; padding: 0px; font: inherit; list-style: disc;\"><strong style=\"margin: 0px; padding: 0px; border: 0px; font-style: inherit; font-variant: inherit; font-stretch: inherit; font-size: inherit; line-height: inherit; font-family: inherit; font-optical-sizing: inherit; font-kerning: inherit; font-feature-settings: inherit; font-variation-settings: inherit; vertical-align: baseline;\">Derecho de Oposici\u00f3n:<\/strong>\u00a0Es el derecho del usuario a que no se lleve a cabo el tratamiento de sus datos de car\u00e1cter personal o se cese el tratamiento de los mismos por parte del sitio web cuando el tratamiento est\u00e9 basado en el inter\u00e9s leg\u00edtimo o el inter\u00e9s p\u00fablico o cuando se trate de tratamientos de mercadotecnia directa.<\/li>\n<li style=\"margin-right: 0px; margin-bottom: 10px; margin-left: 0px; padding: 0px; font: inherit; list-style: disc;\"><strong style=\"margin: 0px; padding: 0px; border: 0px; font-style: inherit; font-variant: inherit; font-stretch: inherit; font-size: inherit; line-height: inherit; font-family: inherit; font-optical-sizing: inherit; font-kerning: inherit; font-feature-settings: inherit; font-variation-settings: inherit; vertical-align: baseline;\">Derecho a no ser objeto de decisiones automatizadas, incluida la elaboraci\u00f3n de perfiles:\u00a0<\/strong>Cuando el tratamiento no es necesario para la celebraci\u00f3n o ejecuci\u00f3n de un contrato, ni est\u00e1 autorizada por el Derecho de la Uni\u00f3n Europea o de los Estados miembros ni se basa en el consentimiento, tiene derecho a no ser objeto de una decisi\u00f3n basada \u00fanicamente en el tratamiento automatizado, incluida la elaboraci\u00f3n de perfiles, que produzca efectos jur\u00eddicos o le afecte significativamente de modo similar.<\/li>\n<li style=\"margin-right: 0px; margin-left: 0px; padding: 0px; font: inherit; list-style: disc;\"><strong style=\"margin: 0px; padding: 0px; border: 0px; font-style: inherit; font-variant: inherit; font-stretch: inherit; font-size: inherit; line-height: inherit; font-family: inherit; font-optical-sizing: inherit; font-kerning: inherit; font-feature-settings: inherit; font-variation-settings: inherit; vertical-align: baseline;\">Derecho a retirar el consentimiento:<\/strong>\u00a0Para cualquier tratamiento basado en su consentimiento, tiene derecho a retirarlo, en cualquier momento y de manera gratuita.<\/li>\n<\/ul>\n<\/div>\n<\/div>\n<div style=\"margin: 0px 0px 35px; padding: 0px; border: 0px; font: inherit; vertical-align: baseline;\">\n<div style=\"margin: 0px; padding: 0px; border: 0px; font: inherit; vertical-align: baseline;\">\n<div style=\"margin: 0px; padding: 0px; border: 0px; font: inherit; vertical-align: baseline;\">Para ejercer cualquiera de los derechos en materia de protecci\u00f3n de datos descritos anteriormente deber\u00e1 seguir las siguientes indicaciones:<\/div>\n<\/div>\n<\/div>\n<div style=\"margin: 0px 0px 35px; padding: 0px; border: 0px; font: inherit; vertical-align: baseline;\">\n<div style=\"margin: 0px; padding: 0px; border: 0px; font: inherit; vertical-align: baseline;\">\n<ul style=\"margin-right: 0px; margin-bottom: 15px; margin-left: 20px; padding: 0px; font: inherit; list-style: none;\">\n<li style=\"margin-right: 0px; margin-bottom: 10px; margin-left: 0px; padding: 0px; font: inherit; list-style: disc;\">Presentaci\u00f3n de un escrito a la direcci\u00f3n\u00a0<span style=\"font-family: Montserrat, sans-serif;\">AVDA. GAUD\u00cd S\/N (ESQUINA DOM\u00c8NECH i MONTANER) POL IND RUBI SUD 08191, RUBI (BARCELONA)\u00a0<\/span>a la atenci\u00f3n de Grupo Cautex S.L.U.\u00a0o bien a trav\u00e9s de correo electr\u00f3nico a por correo electr\u00f3nico a\u00a0<a style=\"background-color: #ffffff; font-family: Lato, sans-serif;\" href=\"mailto:info@plyomparts.com\">info@plyomparts.com<\/a><\/li>\n<li style=\"margin-right: 0px; margin-left: 0px; padding: 0px; font: inherit; list-style: disc;\">El escrito remitido por el titular de los datos personales (interesado\/a) que solicite el ejercicio de derechos deber\u00e1 tener en cuenta lo siguiente:<br \/>\n<ul style=\"margin-right: 0px; margin-bottom: 15px; margin-left: 20px; padding: 0px; font: inherit; list-style: none;\">\n<li style=\"margin-right: 0px; margin-bottom: 10px; margin-left: 0px; padding: 0px; font: inherit; list-style: disc;\">Deber\u00e1 identificarse fehacientemente y, en el caso de que concurran dudas sobre la identidad del solicitante, se le solicitar\u00e1 que subsane la petici\u00f3n (p. ej. solicitando m\u00e1s informaci\u00f3n, como el n\u00famero de DNI, el documento del DNI, el correo electr\u00f3nico que aport\u00f3, etc.)<\/li>\n<li style=\"margin-right: 0px; margin-bottom: 10px; margin-left: 0px; padding: 0px; font: inherit; list-style: disc;\">La solicitud puede realizarla el representante, legal o voluntario, cuando \u00e9ste est\u00e9 debidamente identificado y autorizado por el titular de los datos (mediante una autorizaci\u00f3n expresa del titular para ejercer los derechos personal\u00edsimos regulados en la normativa en materia de protecci\u00f3n de datos personales).<\/li>\n<li style=\"margin-right: 0px; margin-bottom: 10px; margin-left: 0px; padding: 0px; font: inherit; list-style: disc;\">Petici\u00f3n en que se concreta la solicitud (Derecho\/s que se pretende\/n ejercer). Si no hace referencia a un tratamiento concreto se le facilitar\u00e1 respuesta en relaci\u00f3n a todos los tratamientos que afectan a sus datos de car\u00e1cter personal. Si solicita informaci\u00f3n de un tratamiento en concreto, s\u00f3lo la informaci\u00f3n de \u00e9ste. Si lo solicita por tel\u00e9fono se le indicar\u00e1 que lo haga por escrito y se le informar\u00e1 de c\u00f3mo lo puede hacer y la direcci\u00f3n a la que tiene que enviarlo. Nunca se le dar\u00e1 informaci\u00f3n por tel\u00e9fono.<\/li>\n<li style=\"margin-right: 0px; margin-bottom: 10px; margin-left: 0px; padding: 0px; font: inherit; list-style: disc;\">Direcci\u00f3n postal o electr\u00f3nica a efectos de notificaciones.<\/li>\n<li style=\"margin-right: 0px; margin-bottom: 10px; margin-left: 0px; padding: 0px; font: inherit; list-style: disc;\">Documentos acreditativos de la petici\u00f3n que formula, en caso de que sean necesarios.<\/li>\n<li style=\"margin-right: 0px; margin-left: 0px; padding: 0px; font: inherit; list-style: disc;\">La persona solicitante debe utilizar cualquier medio que permita acreditar el env\u00edo y la recepci\u00f3n de la solicitud.<\/li>\n<\/ul>\n<\/li>\n<\/ul>\n<\/div>\n<\/div>\n<div style=\"margin: 0px 0px 35px; padding: 0px; border: 0px; font: inherit; vertical-align: baseline;\">\n<div style=\"margin: 0px; padding: 0px; border: 0px; font: inherit; vertical-align: baseline;\">\n<div style=\"margin: 0px; padding: 0px; border: 0px; font: inherit; vertical-align: baseline;\">Por \u00faltimo, le informamos que tiene derecho a presentar una reclamaci\u00f3n ante la Agencia Espa\u00f1ola de Protecci\u00f3n de Datos en caso de que tenga conocimiento o considere que un hecho pueda suponer un incumplimiento de la normativa aplicable en materia de protecci\u00f3n de datos.<\/div>\n<\/div>\n<\/div>\n<div style=\"margin: 0px; padding: 0px; border: 0px; font: inherit; vertical-align: baseline;\">\n<div style=\"margin: 0px; padding: 0px; border: 0px; font: inherit; vertical-align: baseline;\">\n<p style=\"margin-right: 0px; margin-bottom: 0px; margin-left: 0px; padding: 0px; border: 0px; font-style: inherit; font-variant: inherit; font-weight: inherit; font-stretch: inherit; font-size: inherit; line-height: 24px; font-family: inherit; font-optical-sizing: inherit; font-kerning: inherit; font-feature-settings: inherit; font-variation-settings: inherit; vertical-align: baseline;\"><span style=\"font-family: inherit; font-size: inherit; font-style: inherit; font-variant-ligatures: inherit; font-variant-caps: inherit; font-weight: inherit; color: var( --e-global-color-text );\">Grupo Cautex S.L.U.<\/span>\u00a0se compromete a adoptar las medidas t\u00e9cnicas y organizativas necesarias, acorde al nivel de riesgos que acompa\u00f1an los tratamientos realizados por \u00e9stas e indicados en este mismo apartado, de forma que garanticen su integridad, confidencialidad y disponibilidad.<\/p>\n<\/div>\n<\/div>\n<\/div>\n<\/div>\n<\/div>\n<\/div>\t\t\t\t\t\t<\/div>\n\t\t\t\t<\/div>\n\t\t\t\t\t<\/div>\n\t\t<\/div>\n\t\t\t\t\t\t\t<\/div>\n\t\t<\/section>\n\t\t\t\t\t\t\t<\/div>\n\t\t","protected":false},"excerpt":{"rendered":"<p>Pol\u00edtica de Privacidad Datos de Grupo Cautex S.L.U. CIF: B62982749 DIRECCI\u00d3N: AVDA. GAUD\u00cd S\/N (ESQUINA DOM\u00c8NECH i MONTANER) POL IND RUBI SUD 08191, RUBI (BARCELONA) CORREO ELECTR\u00d3NICO:&nbsp;info@plyomparts.com DOMINIO WEB:&nbsp;&nbsp;https:\/\/www.plyomparts.com Protecci\u00f3n de datos De conformidad con la normativa vigente y aplicable en protecci\u00f3n de datos de car\u00e1cter personal, le informamos que sus datos ser\u00e1n incorporados al [&hellip;]<\/p>\n","protected":false},"author":2,"featured_media":0,"parent":0,"menu_order":0,"comment_status":"closed","ping_status":"closed","template":"","meta":{"footnotes":""},"class_list":["post-4051","page","type-page","status-publish","hentry"],"_links":{"self":[{"href":"https:\/\/dev.plyomparts.com\/is-lm\/wp-json\/wp\/v2\/pages\/4051","targetHints":{"allow":["GET"]}}],"collection":[{"href":"https:\/\/dev.plyomparts.com\/is-lm\/wp-json\/wp\/v2\/pages"}],"about":[{"href":"https:\/\/dev.plyomparts.com\/is-lm\/wp-json\/wp\/v2\/types\/page"}],"author":[{"embeddable":true,"href":"https:\/\/dev.plyomparts.com\/is-lm\/wp-json\/wp\/v2\/users\/2"}],"replies":[{"embeddable":true,"href":"https:\/\/dev.plyomparts.com\/is-lm\/wp-json\/wp\/v2\/comments?post=4051"}],"version-history":[{"count":10,"href":"https:\/\/dev.plyomparts.com\/is-lm\/wp-json\/wp\/v2\/pages\/4051\/revisions"}],"predecessor-version":[{"id":7386,"href":"https:\/\/dev.plyomparts.com\/is-lm\/wp-json\/wp\/v2\/pages\/4051\/revisions\/7386"}],"wp:attachment":[{"href":"https:\/\/dev.plyomparts.com\/is-lm\/wp-json\/wp\/v2\/media?parent=4051"}],"curies":[{"name":"wp","href":"https:\/\/api.w.org\/{rel}","templated":true}]}}